{"id":969,"date":"2022-03-09T10:06:04","date_gmt":"2022-03-09T10:06:04","guid":{"rendered":"https:\/\/rar.jbg.mybluehost.me\/bpict\/maison\/"},"modified":"2023-09-19T05:00:56","modified_gmt":"2023-09-19T05:00:56","slug":"home","status":"publish","type":"page","link":"https:\/\/bpict.ch\/fr\/","title":{"rendered":"Menu"},"content":{"rendered":"","protected":false},"excerpt":{"rendered":"","protected":false},"author":1,"featured_media":0,"parent":0,"menu_order":0,"comment_status":"closed","ping_status":"closed","template":"templates\/home.php","meta":{"footnotes":""},"class_list":["post-969","page","type-page","status-publish","hentry"],"acf":[],"yoast_head":"<!-- This site is optimized with the Yoast SEO plugin v21.3 - https:\/\/yoast.com\/wordpress\/plugins\/seo\/ -->\n<title>Menu - Bpict<\/title>\n<meta name=\"description\" content=\"Soci\u00e9t\u00e9 de conseil en informatique, sp\u00e9cialis\u00e9e dans les NRP et les solutions cloud. Notre objectif est de vous aider tout au long de votre processus de modernisation. Nous offrons des services de conseil, de d\u00e9finition de feuilles de route, de soutien aux m\u00e9tiers, de gestion de projets internationaux et de formation. Nous vous aiderons \u00e0 construire et \u00e0 renforcer les liens entre le d\u00e9partement informatique, les d\u00e9partement m\u00e9tiers et les partenaires externes informatiques afin de prosp\u00e9rer sur une voie commune et vous fournir un h\u00e9ritage technologique durable.\" \/>\n<meta name=\"robots\" content=\"index, follow, max-snippet:-1, max-image-preview:large, max-video-preview:-1\" \/>\n<link rel=\"canonical\" href=\"https:\/\/bpict.ch\/fr\/\" \/>\n<meta property=\"og:locale\" content=\"fr_FR\" \/>\n<meta property=\"og:type\" content=\"article\" \/>\n<meta property=\"og:title\" content=\"Menu - Bpict\" \/>\n<meta property=\"og:description\" content=\"Soci\u00e9t\u00e9 de conseil en informatique, sp\u00e9cialis\u00e9e dans les NRP et les solutions cloud. Notre objectif est de vous aider tout au long de votre processus de modernisation. Nous offrons des services de conseil, de d\u00e9finition de feuilles de route, de soutien aux m\u00e9tiers, de gestion de projets internationaux et de formation. Nous vous aiderons \u00e0 construire et \u00e0 renforcer les liens entre le d\u00e9partement informatique, les d\u00e9partement m\u00e9tiers et les partenaires externes informatiques afin de prosp\u00e9rer sur une voie commune et vous fournir un h\u00e9ritage technologique durable.\" \/>\n<meta property=\"og:url\" content=\"https:\/\/bpict.ch\/fr\/\" \/>\n<meta property=\"og:site_name\" content=\"Bpict\" \/>\n<meta property=\"article:modified_time\" content=\"2023-09-19T05:00:56+00:00\" \/>\n<meta name=\"twitter:card\" content=\"summary_large_image\" \/>\n<script type=\"application\/ld+json\" class=\"yoast-schema-graph\">{\"@context\":\"https:\/\/schema.org\",\"@graph\":[{\"@type\":\"WebPage\",\"@id\":\"https:\/\/bpict.ch\/fr\/\",\"url\":\"https:\/\/bpict.ch\/fr\/\",\"name\":\"Menu - Bpict\",\"isPartOf\":{\"@id\":\"https:\/\/bpict.ch\/#website\"},\"datePublished\":\"2022-03-09T10:06:04+00:00\",\"dateModified\":\"2023-09-19T05:00:56+00:00\",\"description\":\"Soci\u00e9t\u00e9 de conseil en informatique, sp\u00e9cialis\u00e9e dans les NRP et les solutions cloud. Notre objectif est de vous aider tout au long de votre processus de modernisation. Nous offrons des services de conseil, de d\u00e9finition de feuilles de route, de soutien aux m\u00e9tiers, de gestion de projets internationaux et de formation. Nous vous aiderons \u00e0 construire et \u00e0 renforcer les liens entre le d\u00e9partement informatique, les d\u00e9partement m\u00e9tiers et les partenaires externes informatiques afin de prosp\u00e9rer sur une voie commune et vous fournir un h\u00e9ritage technologique durable.\",\"breadcrumb\":{\"@id\":\"https:\/\/bpict.ch\/fr\/#breadcrumb\"},\"inLanguage\":\"fr-FR\",\"potentialAction\":[{\"@type\":\"ReadAction\",\"target\":[\"https:\/\/bpict.ch\/fr\/\"]}]},{\"@type\":\"BreadcrumbList\",\"@id\":\"https:\/\/bpict.ch\/fr\/#breadcrumb\",\"itemListElement\":[{\"@type\":\"ListItem\",\"position\":1,\"name\":\"Home\",\"item\":\"https:\/\/bpict.ch\/fr\/\"},{\"@type\":\"ListItem\",\"position\":2,\"name\":\"Menu\"}]},{\"@type\":\"WebSite\",\"@id\":\"https:\/\/bpict.ch\/#website\",\"url\":\"https:\/\/bpict.ch\/\",\"name\":\"Bpict\",\"description\":\"\",\"potentialAction\":[{\"@type\":\"SearchAction\",\"target\":{\"@type\":\"EntryPoint\",\"urlTemplate\":\"https:\/\/bpict.ch\/?s={search_term_string}\"},\"query-input\":\"required name=search_term_string\"}],\"inLanguage\":\"fr-FR\"}]}<\/script>\n<!-- \/ Yoast SEO plugin. -->","yoast_head_json":{"title":"Menu - Bpict","description":"Soci\u00e9t\u00e9 de conseil en informatique, sp\u00e9cialis\u00e9e dans les NRP et les solutions cloud. Notre objectif est de vous aider tout au long de votre processus de modernisation. Nous offrons des services de conseil, de d\u00e9finition de feuilles de route, de soutien aux m\u00e9tiers, de gestion de projets internationaux et de formation. Nous vous aiderons \u00e0 construire et \u00e0 renforcer les liens entre le d\u00e9partement informatique, les d\u00e9partement m\u00e9tiers et les partenaires externes informatiques afin de prosp\u00e9rer sur une voie commune et vous fournir un h\u00e9ritage technologique durable.","robots":{"index":"index","follow":"follow","max-snippet":"max-snippet:-1","max-image-preview":"max-image-preview:large","max-video-preview":"max-video-preview:-1"},"canonical":"https:\/\/bpict.ch\/fr\/","og_locale":"fr_FR","og_type":"article","og_title":"Menu - Bpict","og_description":"Soci\u00e9t\u00e9 de conseil en informatique, sp\u00e9cialis\u00e9e dans les NRP et les solutions cloud. Notre objectif est de vous aider tout au long de votre processus de modernisation. Nous offrons des services de conseil, de d\u00e9finition de feuilles de route, de soutien aux m\u00e9tiers, de gestion de projets internationaux et de formation. Nous vous aiderons \u00e0 construire et \u00e0 renforcer les liens entre le d\u00e9partement informatique, les d\u00e9partement m\u00e9tiers et les partenaires externes informatiques afin de prosp\u00e9rer sur une voie commune et vous fournir un h\u00e9ritage technologique durable.","og_url":"https:\/\/bpict.ch\/fr\/","og_site_name":"Bpict","article_modified_time":"2023-09-19T05:00:56+00:00","twitter_card":"summary_large_image","schema":{"@context":"https:\/\/schema.org","@graph":[{"@type":"WebPage","@id":"https:\/\/bpict.ch\/fr\/","url":"https:\/\/bpict.ch\/fr\/","name":"Menu - Bpict","isPartOf":{"@id":"https:\/\/bpict.ch\/#website"},"datePublished":"2022-03-09T10:06:04+00:00","dateModified":"2023-09-19T05:00:56+00:00","description":"Soci\u00e9t\u00e9 de conseil en informatique, sp\u00e9cialis\u00e9e dans les NRP et les solutions cloud. Notre objectif est de vous aider tout au long de votre processus de modernisation. Nous offrons des services de conseil, de d\u00e9finition de feuilles de route, de soutien aux m\u00e9tiers, de gestion de projets internationaux et de formation. Nous vous aiderons \u00e0 construire et \u00e0 renforcer les liens entre le d\u00e9partement informatique, les d\u00e9partement m\u00e9tiers et les partenaires externes informatiques afin de prosp\u00e9rer sur une voie commune et vous fournir un h\u00e9ritage technologique durable.","breadcrumb":{"@id":"https:\/\/bpict.ch\/fr\/#breadcrumb"},"inLanguage":"fr-FR","potentialAction":[{"@type":"ReadAction","target":["https:\/\/bpict.ch\/fr\/"]}]},{"@type":"BreadcrumbList","@id":"https:\/\/bpict.ch\/fr\/#breadcrumb","itemListElement":[{"@type":"ListItem","position":1,"name":"Home","item":"https:\/\/bpict.ch\/fr\/"},{"@type":"ListItem","position":2,"name":"Menu"}]},{"@type":"WebSite","@id":"https:\/\/bpict.ch\/#website","url":"https:\/\/bpict.ch\/","name":"Bpict","description":"","potentialAction":[{"@type":"SearchAction","target":{"@type":"EntryPoint","urlTemplate":"https:\/\/bpict.ch\/?s={search_term_string}"},"query-input":"required name=search_term_string"}],"inLanguage":"fr-FR"}]}},"_links":{"self":[{"href":"https:\/\/bpict.ch\/fr\/wp-json\/wp\/v2\/pages\/969","targetHints":{"allow":["GET"]}}],"collection":[{"href":"https:\/\/bpict.ch\/fr\/wp-json\/wp\/v2\/pages"}],"about":[{"href":"https:\/\/bpict.ch\/fr\/wp-json\/wp\/v2\/types\/page"}],"author":[{"embeddable":true,"href":"https:\/\/bpict.ch\/fr\/wp-json\/wp\/v2\/users\/1"}],"replies":[{"embeddable":true,"href":"https:\/\/bpict.ch\/fr\/wp-json\/wp\/v2\/comments?post=969"}],"version-history":[{"count":5,"href":"https:\/\/bpict.ch\/fr\/wp-json\/wp\/v2\/pages\/969\/revisions"}],"predecessor-version":[{"id":2795,"href":"https:\/\/bpict.ch\/fr\/wp-json\/wp\/v2\/pages\/969\/revisions\/2795"}],"wp:attachment":[{"href":"https:\/\/bpict.ch\/fr\/wp-json\/wp\/v2\/media?parent=969"}],"curies":[{"name":"wp","href":"https:\/\/api.w.org\/{rel}","templated":true}]}}